{"id":1926,"date":"2026-04-16T15:28:50","date_gmt":"2026-04-16T13:28:50","guid":{"rendered":"https:\/\/www.professur-wirtschaftspaedagogik.rw.fau.de\/?page_id=1926"},"modified":"2026-04-16T16:02:35","modified_gmt":"2026-04-16T14:02:35","slug":"perspektiven-der-wirtschaftswissenschaften","status":"publish","type":"page","link":"https:\/\/www.professur-wirtschaftspaedagogik.rw.fau.de\/en\/perspektiven-der-wirtschaftswissenschaften\/","title":{"rendered":"Perspektiven der Wirtschaftswissenschaften"},"content":{"rendered":"\n<div class=\"wp-block-group alignfull is-layout-constrained wp-block-group-is-layout-constrained\">\n<div class=\"wp-block-group alignfull is-layout-constrained wp-block-group-is-layout-constrained\">\n<p>Der Studienstart f\u00fcr alle wirtschaftswissenschaftlichen Bachelorstudieng\u00e4nge, unabh\u00e4ngig vom geplanten Schwerpunkt und\/oder Studienrichtung, beginnt mit dem Moduk &#8220;Perspektiven der Wirtschaftswissenschaften&#8221;. Dieses umfasst 5 ECTS und setzt sich zusammen aus einem allgemeinem Einf\u00fchrungsteil, dem Teilmodul &#8220;Einf\u00fchrung Perspektiven der Wirtschaftswissenschaften &#8211; Unternehmensplanspiel&#8221;, sowie einem spezifischen Teil &#8211; dem Teilmodul &#8220;Zukunftsthemen der Wirtschaftswissenschaften&#8221;. Beide Teilmodule umfassen demnach jeweils 2,5 ECTS.<br><br>Im spezifischen Teilmodul erfolgt die Einf\u00fchrung in die unterschiedlichen Studienrichtungen. Die Module finden nur im Wintersemester und auf Deutsch statt. Mehr Details finden Sie auf den Unterseiten.<br><\/p>\n<\/div>\n<\/div>\n\n\n\n<div class=\"wp-block-buttons is-layout-flex wp-block-buttons-is-layout-flex\">\n<div class=\"wp-block-button\"><a class=\"wp-block-button__link wp-element-button\" href=\"https:\/\/www.professur-wirtschaftspaedagogik.rw.fau.de\/en\/einfuhrung-perspektiven-der-wirtschaftswissenschaften\/\">Einf\u00fchrung &#8220;Perspektiven der Wirtschaftswissenschaften&#8221;<\/a><\/div>\n<\/div>\n\n\n\n<div class=\"wp-block-buttons is-layout-flex wp-block-buttons-is-layout-flex\">\n<div class=\"wp-block-button\"><a class=\"wp-block-button__link wp-element-button\" href=\"https:\/\/www.professur-wirtschaftspaedagogik.rw.fau.de\/en\/zukunftsthemen-der-wirtschaftswissenschaften\/\">Zukunftsthemen der Wirtschaftswissenschaften<\/a><\/div>\n<\/div>\n\n\n\n<div class=\"wp-block-group alignfull is-layout-constrained wp-block-group-is-layout-constrained\">\n<figure class=\"wp-block-image size-large is-style-large has-overlay\"><div class=\"image-wrapper\"><img loading=\"lazy\" decoding=\"async\" src=\"https:\/\/www.professur-wirtschaftspaedagogik.rw.fau.de\/files\/2026\/04\/pexels-yankrukov-8199144-1024x683.jpg\" alt=\"\" class=\"wp-image-1935\" srcset=\"https:\/\/www.professur-wirtschaftspaedagogik.rw.fau.de\/files\/2026\/04\/pexels-yankrukov-8199144-1024x683.jpg 1024w, https:\/\/www.professur-wirtschaftspaedagogik.rw.fau.de\/files\/2026\/04\/pexels-yankrukov-8199144-300x200.jpg 300w, https:\/\/www.professur-wirtschaftspaedagogik.rw.fau.de\/files\/2026\/04\/pexels-yankrukov-8199144-768x512.jpg 768w, https:\/\/www.professur-wirtschaftspaedagogik.rw.fau.de\/files\/2026\/04\/pexels-yankrukov-8199144-1536x1024.jpg 1536w, https:\/\/www.professur-wirtschaftspaedagogik.rw.fau.de\/files\/2026\/04\/pexels-yankrukov-8199144-2048x1365.jpg 2048w\" \/><button class=\"image-fullscreen-btn\" onclick=\"openImageFullscreen('https:\/\/www.professur-wirtschaftspaedagogik.rw.fau.de\/files\/2026\/04\/pexels-yankrukov-8199144-scaled.jpg')\">\u26f6<\/button><\/div><\/figure>\n<\/div>\n","protected":false},"excerpt":{"rendered":"<p>Der Studienstart f\u00fcr alle wirtschaftswissenschaftlichen Bachelorstudieng\u00e4nge, unabh\u00e4ngig vom geplanten Schwerpunkt und\/oder Studienrichtung, beginnt mit dem Moduk &#8220;Perspektiven der Wirtschaftswissenschaften&#8221;. Dieses umfasst 5 ECTS und setzt sich zusammen aus einem allgemeinem Einf\u00fchrungsteil, dem Teilmodul &#8220;Einf\u00fchrung Perspektiven der Wirtschaftswissenschaften &#8211; Unternehmensplanspiel&#8221;, sowie einem spezifischen Teil &#8211; dem Teilmodul &#8220;Zukunftsthemen der Wirtschaftswissenschaften&#8221;. Beide Teilmodule umfassen demnach jeweils 2,5 [&hellip;]<\/p>\n","protected":false},"author":3681,"featured_media":0,"parent":0,"menu_order":0,"comment_status":"closed","ping_status":"closed","template":"","meta":{"_rrze_cache":"enabled","_rrze_multilang_single_locale":"en_US","_rrze_multilang_single_source":"https:\/\/www.professur-wirtschaftspaedagogik.rw.fau.de\/?page_id=1926","footnotes":""},"page_category":[],"page_tag":[],"workflow_usergroup":[],"class_list":["post-1926","page","type-page","status-publish","hentry","en-US"],"_links":{"self":[{"href":"https:\/\/www.professur-wirtschaftspaedagogik.rw.fau.de\/wp-json\/wp\/v2\/pages\/1926","targetHints":{"allow":["GET"]}}],"collection":[{"href":"https:\/\/www.professur-wirtschaftspaedagogik.rw.fau.de\/wp-json\/wp\/v2\/pages"}],"about":[{"href":"https:\/\/www.professur-wirtschaftspaedagogik.rw.fau.de\/wp-json\/wp\/v2\/types\/page"}],"author":[{"embeddable":true,"href":"https:\/\/www.professur-wirtschaftspaedagogik.rw.fau.de\/wp-json\/wp\/v2\/users\/3681"}],"replies":[{"embeddable":true,"href":"https:\/\/www.professur-wirtschaftspaedagogik.rw.fau.de\/wp-json\/wp\/v2\/comments?post=1926"}],"version-history":[{"count":4,"href":"https:\/\/www.professur-wirtschaftspaedagogik.rw.fau.de\/wp-json\/wp\/v2\/pages\/1926\/revisions"}],"predecessor-version":[{"id":1938,"href":"https:\/\/www.professur-wirtschaftspaedagogik.rw.fau.de\/wp-json\/wp\/v2\/pages\/1926\/revisions\/1938"}],"wp:attachment":[{"href":"https:\/\/www.professur-wirtschaftspaedagogik.rw.fau.de\/wp-json\/wp\/v2\/media?parent=1926"}],"wp:term":[{"taxonomy":"page_category","embeddable":true,"href":"https:\/\/www.professur-wirtschaftspaedagogik.rw.fau.de\/wp-json\/wp\/v2\/page_category?post=1926"},{"taxonomy":"page_tag","embeddable":true,"href":"https:\/\/www.professur-wirtschaftspaedagogik.rw.fau.de\/wp-json\/wp\/v2\/page_tag?post=1926"},{"taxonomy":"workflow_usergroup","embeddable":true,"href":"https:\/\/www.professur-wirtschaftspaedagogik.rw.fau.de\/wp-json\/wp\/v2\/workflow_usergroup?post=1926"}],"curies":[{"name":"wp","href":"https:\/\/api.w.org\/{rel}","templated":true}]}}