{"id":1928,"date":"2026-04-16T15:32:40","date_gmt":"2026-04-16T13:32:40","guid":{"rendered":"https:\/\/www.professur-wirtschaftspaedagogik.rw.fau.de\/?page_id=1928"},"modified":"2026-04-16T15:32:41","modified_gmt":"2026-04-16T13:32:41","slug":"einfuhrung-perspektiven-der-wirtschaftswissenschaften","status":"publish","type":"page","link":"https:\/\/www.professur-wirtschaftspaedagogik.rw.fau.de\/en\/einfuhrung-perspektiven-der-wirtschaftswissenschaften\/","title":{"rendered":"Einf\u00fchrung \u201ePerspektiven der Wirtschaftswissenschaften\u201c"},"content":{"rendered":"\n<h2 class=\"wp-block-heading\">Kursinhalt:<\/h2>\n\n\n\n<p>Betriebswirtschaftliche Themenkomplexe werden mit Hilfe einer computergest\u00fctzten Simulation behandelt:<\/p>\n\n\n\n<ol class=\"wp-block-list\">\n<li>Administration: Denken in betriebswirtschaftlichen Alternativen, Marktsituationen und Marktergebnisse richtig interpretieren und in zielorientierte Entscheidungen umsetzen<\/li>\n\n\n\n<li>Beschaffung und Lagerhaltung: Berechnung optimaler Bestellmengen<\/li>\n\n\n\n<li>Produktion: Investitions- und Desinvestitionsentscheidungen, Auslastungsplanung, Personalplanung<\/li>\n\n\n\n<li>Vertrieb: Analyse der Markt- und Wettbewerbssituation, Planung der Marketingausgaben, Analyse der Marktforschungsberichte, Festlegung der Preispolitik<\/li>\n\n\n\n<li>Finanzen: Finanzplanung, Gewinn- und Verlustrechnung, Bilanzanalyse<\/li>\n<\/ol>\n\n\n\n<ul class=\"wp-block-list\">\n<li>Die Studierenden erstellen in Gruppenarbeit eine kurze Pr\u00e4sentation zu einem allgemeinen Wirtschaftswissenschaften oder studienrichtungsbezogenen Thema.<\/li>\n\n\n\n<li>Die Studierenden erfahren von den Aspekten der ehrbaren Kaufleute.<\/li>\n\n\n\n<li>Die Studierenden besch\u00e4ftigen sich mit den wissenschaftlichen Arbeiten &amp; Schreiben und erhalten Einblick ins Thema KI und Studium.<\/li>\n<\/ul>\n\n\n\n<h2 class=\"wp-block-heading\">Organisation:<\/h2>\n\n\n\n<p><strong>Ein<\/strong> Kurs von m\u00f6glichen drei Kursen ist zu w\u00e4hlen:<\/p>\n\n\n\n<ul class=\"wp-block-list\">\n<li><strong>DI+Do Kurs:<\/strong> ein detaillierter Zeitplan ist auf Campo und in StudOn zu finden. Anwesenheitspflicht bitte beachten.<\/li>\n\n\n\n<li><strong>MI+Fr Kurs:<\/strong>  ein detaillierter Zeitplan ist auf Campo und in StudOn zu finden. Anwesenheitspflicht bitte beachten.<\/li>\n\n\n\n<li><strong>Nachholkurs: <\/strong>die f\u00fcnf genauen Termine, sowie Infos dazu, sind im Kurs und in Campo hinterlegt. Anwesenheitspflicht bitte beachten. Beim Nachholkurs handelt es sich um ein Blendend Learning Format mit mehr Onlineanteil, sowie\u00a0 der Pr\u00e4senzteil ist auf mehrere k\u00fcrzere Termine aufgeteilt. Dieses Format eignet sich besonders z.B. f\u00fcr Personen mit Careverpflichtungen oder anderen nicht verschiebbaren Verpflichtungen w\u00e4hrend der Kurse DI+Do oder MI+FR. Ebenso ist dieser auch f\u00fcr Personen, beispielsweise in der ersten Vorlesungswoche krank waren oder keinen Platz mehr in den Kursen DI+Do oder MI+FR bekommen haben.<\/li>\n<\/ul>\n\n\n\n<h2 class=\"wp-block-heading\"><strong>Anmeldung zum Kurs:<\/strong><\/h2>\n\n\n\n<p>Treten Sie den <strong><u>StudOn \u201eVorkurs\u201c<\/u> <\/strong>\u00fcber den folgenden <a href=\"https:\/\/www.studon.fau.de\/crs5137221.html\" target=\"_blank\" rel=\"noreferrer noopener\"><strong>Link<\/strong><\/a>bei. <strong>Dort finden sie drei Kurse <\/strong>sowie weiteren Informationen.<\/p>\n\n\n\n<p>Wenn Sie im Vorkurs sind m\u00fcssen, Sie <strong>einen<\/strong> der drei Kurse ausw\u00e4hlen, nur so k\u00f6nnen Sie teilnehmen.<\/p>\n\n\n\n<p>Bei der <strong>Anmeldung<\/strong> f\u00fcr den <strong>Kurs DI+DO<\/strong>, sowie <strong>MI+FR<\/strong> m\u00fcssen Sie direkt <strong>eine Gruppe w\u00e4hlen<\/strong>. Wenn Sie unsicher sind, schauen Sie sich bitte im Vorkurs die verschiedenen Clips der Studienrichtungen an. Diese Wahl ist nur nach Interesse, <strong>um in diesen Bereich hineinzuschnuppern<\/strong>. Die \u201erichtige\u201c Wahl einer Studienrichtung ist erst ab den 3. Semester.<\/p>\n\n\n\n<p>Eine <strong>Anmeldung<\/strong> f\u00fcr den <strong>Kurs DI+DO <\/strong>ist bis 08.10.2026<strong>, <\/strong>sowie f\u00fcr den Kurs<strong>\u00a0 MI+FR <\/strong>ist bis 10.10.2026\u00a0<strong>m\u00f6glich. \u00a0<\/strong><\/p>\n\n\n\n<p>Eine <strong>Anmeldung <\/strong>zum <strong>Nachholkurs <\/strong>ist bis einschlie\u00dflich <strong>04.November 2026 (23:55 Uhr) <\/strong>m\u00f6glich<strong>.<\/strong><\/p>\n\n\n\n<p>Studierende, die noch nicht abschlie\u00dfend immatrikuliert sind. Sollen sich bitte unbedingt auch zum Kurs anmelden. Eine Anleitung und Hilfestellung zur Anmeldung und zur Erstellung der Gastkennung (Selbstregistrierung) finden Sie <a href=\"https:\/\/www.studon.fau.de\/studon\/go\/copa\/5933582\">hier.<\/a> Bitte beachten Sie, dass die Gastkennung nur bis zum &nbsp;28.02.2026 g\u00fcltig ist. Bitte verwenden Sie unbedingt nach abgeschlossener Immatrikulation, Ihre \u201erichtige\u201c Kennung.<\/p>\n\n\n\n<h2 class=\"wp-block-heading\"><strong>Pr\u00fcfungsleistung:<\/strong><\/h2>\n\n\n\n<p>bestehen oder nicht bestehen<\/p>\n\n\n\n<p>Die Pr\u00fcfungsleistung besteht aus mehreren Elementen. Diese Elemente umfassen sowohl Einzel- als auch Gruppenarbeiten.<\/p>\n\n\n\n<h2 class=\"wp-block-heading\">Weitere Informationen:<\/h2>\n\n\n\n<p>Auf der \u00f6ffentlichen StudOn Seite <a href=\"https:\/\/www.studon.fau.de\/studon\/go\/crs\/5680240\">\u201eWillkommen \u2013 Erstsemesterstudierende im Bachelor Wirtschaftswissenschaften\u201c<\/a> finden Sie hilfreiche Informationen \u2013 schauen Sie doch mal hinein.<\/p>\n","protected":false},"excerpt":{"rendered":"<p>Kursinhalt: Betriebswirtschaftliche Themenkomplexe werden mit Hilfe einer computergest\u00fctzten Simulation behandelt: Organisation: Ein Kurs von m\u00f6glichen drei Kursen ist zu w\u00e4hlen: Anmeldung zum Kurs: Treten Sie den StudOn \u201eVorkurs\u201c \u00fcber den folgenden Linkbei. Dort finden sie drei Kurse sowie weiteren Informationen. Wenn Sie im Vorkurs sind m\u00fcssen, Sie einen der drei Kurse ausw\u00e4hlen, nur so k\u00f6nnen [&hellip;]<\/p>\n","protected":false},"author":3681,"featured_media":0,"parent":0,"menu_order":0,"comment_status":"closed","ping_status":"closed","template":"","meta":{"_rrze_cache":"enabled","_rrze_multilang_single_locale":"en_US","_rrze_multilang_single_source":"https:\/\/www.professur-wirtschaftspaedagogik.rw.fau.de\/?page_id=1928","footnotes":""},"page_category":[],"page_tag":[],"workflow_usergroup":[],"class_list":["post-1928","page","type-page","status-publish","hentry","en-US"],"_links":{"self":[{"href":"https:\/\/www.professur-wirtschaftspaedagogik.rw.fau.de\/wp-json\/wp\/v2\/pages\/1928","targetHints":{"allow":["GET"]}}],"collection":[{"href":"https:\/\/www.professur-wirtschaftspaedagogik.rw.fau.de\/wp-json\/wp\/v2\/pages"}],"about":[{"href":"https:\/\/www.professur-wirtschaftspaedagogik.rw.fau.de\/wp-json\/wp\/v2\/types\/page"}],"author":[{"embeddable":true,"href":"https:\/\/www.professur-wirtschaftspaedagogik.rw.fau.de\/wp-json\/wp\/v2\/users\/3681"}],"replies":[{"embeddable":true,"href":"https:\/\/www.professur-wirtschaftspaedagogik.rw.fau.de\/wp-json\/wp\/v2\/comments?post=1928"}],"version-history":[{"count":1,"href":"https:\/\/www.professur-wirtschaftspaedagogik.rw.fau.de\/wp-json\/wp\/v2\/pages\/1928\/revisions"}],"predecessor-version":[{"id":1930,"href":"https:\/\/www.professur-wirtschaftspaedagogik.rw.fau.de\/wp-json\/wp\/v2\/pages\/1928\/revisions\/1930"}],"wp:attachment":[{"href":"https:\/\/www.professur-wirtschaftspaedagogik.rw.fau.de\/wp-json\/wp\/v2\/media?parent=1928"}],"wp:term":[{"taxonomy":"page_category","embeddable":true,"href":"https:\/\/www.professur-wirtschaftspaedagogik.rw.fau.de\/wp-json\/wp\/v2\/page_category?post=1928"},{"taxonomy":"page_tag","embeddable":true,"href":"https:\/\/www.professur-wirtschaftspaedagogik.rw.fau.de\/wp-json\/wp\/v2\/page_tag?post=1928"},{"taxonomy":"workflow_usergroup","embeddable":true,"href":"https:\/\/www.professur-wirtschaftspaedagogik.rw.fau.de\/wp-json\/wp\/v2\/workflow_usergroup?post=1928"}],"curies":[{"name":"wp","href":"https:\/\/api.w.org\/{rel}","templated":true}]}}