{"id":1931,"date":"2026-04-16T15:33:29","date_gmt":"2026-04-16T13:33:29","guid":{"rendered":"https:\/\/www.professur-wirtschaftspaedagogik.rw.fau.de\/?page_id=1931"},"modified":"2026-04-16T15:33:29","modified_gmt":"2026-04-16T13:33:29","slug":"zukunftsthemen-der-wirtschaftswissenschaften","status":"publish","type":"page","link":"https:\/\/www.professur-wirtschaftspaedagogik.rw.fau.de\/en\/zukunftsthemen-der-wirtschaftswissenschaften\/","title":{"rendered":"Zukunftsthemen der Wirtschaftswissenschaften"},"content":{"rendered":"\n<h2 class=\"wp-block-heading\"><strong>Inhalt<\/strong><\/h2>\n\n\n\n<p>In dieses spezifischen Teilmodul erfolgt die Einf\u00fchrung in die unterschiedlichen Studienrichtungen.<\/p>\n\n\n\n<h2 class=\"wp-block-heading\"><strong>Infos zu den Studienrichtungen<\/strong><\/h2>\n\n\n\n<p><a href=\"https:\/\/www.ba-wiwi.wiso.rw.fau.de\/studienrichtungen\/\">Studienrichtungen \u203a Bachelor Wirtschaftswissenschaften (fau.de)<\/a><\/p>\n\n\n\n<h2 class=\"wp-block-heading\"><strong>Organisation<\/strong><\/h2>\n\n\n\n<p>Sp\u00e4testens am Ende der ersten Vorlesungswoche m\u00fcssen sie im StudOn Kurs f\u00fcr eine entsprechende Gruppe anmelden. Details dazu erhalten sie auch im Kurs Einf\u00fchrung \u201ePerspektiven der Wirtschaftswissenschaften\u201c. Es gibt keine Teilnehmerbegrenzung, alle Erstsemesterstudierende erhalten einen Platz. Das Modul startet in der zweiten Vorlesungswoche und endet vor Weihnachten.<\/p>\n\n\n\n<h2 class=\"wp-block-heading\"><strong>Termine<\/strong><\/h2>\n\n\n\n<p>Die Lehrveranstaltungen der verschiedenen Studienrichtungen finden am Montag statt. Ausnahme ist die Studienrichtung \u201eWirtschaftsp\u00e4dagogik\u201c, diese ist Dienstags von 8-9:30 Uhr. Genaue Details zu den Zeiten erhalten Sie wie folgt:<\/p>\n\n\n\n<p><strong>Anmeldung zum Kurs<\/strong><\/p>\n\n\n\n<p>Anmeldung und Beitritt zum StudOn Kurs \u201e<a href=\"https:\/\/www.studon.fau.de\/studon\/goto.php?target=crs_5224251_join\">Zukunftsthemen der Wirtschaftswissenschaften<\/a>\u201e. Die Anmeldung erfolgt \u00fcber <a href=\"https:\/\/www.campo.fau.de:443\/qisserver\/pages\/startFlow.xhtml?_flowId=detailView-flow&amp;unitId=105877&amp;periodId=396&amp;navigationPosition=studiesOffered,courseoverviewShow\">Campo<\/a> oder \u00fcber <a href=\"https:\/\/www.studon.fau.de\/crs5835270.html\">StudOn<\/a>.<\/p>\n\n\n\n<h2 class=\"wp-block-heading\"><strong>Pr\u00fcfungsleistung<\/strong><\/h2>\n\n\n\n<p>bestehen oder nicht bestehen<\/p>\n","protected":false},"excerpt":{"rendered":"<p>Inhalt In dieses spezifischen Teilmodul erfolgt die Einf\u00fchrung in die unterschiedlichen Studienrichtungen. Infos zu den Studienrichtungen Studienrichtungen \u203a Bachelor Wirtschaftswissenschaften (fau.de) Organisation Sp\u00e4testens am Ende der ersten Vorlesungswoche m\u00fcssen sie im StudOn Kurs f\u00fcr eine entsprechende Gruppe anmelden. Details dazu erhalten sie auch im Kurs Einf\u00fchrung \u201ePerspektiven der Wirtschaftswissenschaften\u201c. Es gibt keine Teilnehmerbegrenzung, alle Erstsemesterstudierende [&hellip;]<\/p>\n","protected":false},"author":3681,"featured_media":0,"parent":0,"menu_order":0,"comment_status":"closed","ping_status":"closed","template":"","meta":{"_rrze_cache":"enabled","_rrze_multilang_single_locale":"en_US","_rrze_multilang_single_source":"https:\/\/www.professur-wirtschaftspaedagogik.rw.fau.de\/?page_id=1931","footnotes":""},"page_category":[],"page_tag":[],"workflow_usergroup":[],"class_list":["post-1931","page","type-page","status-publish","hentry","en-US"],"_links":{"self":[{"href":"https:\/\/www.professur-wirtschaftspaedagogik.rw.fau.de\/wp-json\/wp\/v2\/pages\/1931","targetHints":{"allow":["GET"]}}],"collection":[{"href":"https:\/\/www.professur-wirtschaftspaedagogik.rw.fau.de\/wp-json\/wp\/v2\/pages"}],"about":[{"href":"https:\/\/www.professur-wirtschaftspaedagogik.rw.fau.de\/wp-json\/wp\/v2\/types\/page"}],"author":[{"embeddable":true,"href":"https:\/\/www.professur-wirtschaftspaedagogik.rw.fau.de\/wp-json\/wp\/v2\/users\/3681"}],"replies":[{"embeddable":true,"href":"https:\/\/www.professur-wirtschaftspaedagogik.rw.fau.de\/wp-json\/wp\/v2\/comments?post=1931"}],"version-history":[{"count":1,"href":"https:\/\/www.professur-wirtschaftspaedagogik.rw.fau.de\/wp-json\/wp\/v2\/pages\/1931\/revisions"}],"predecessor-version":[{"id":1932,"href":"https:\/\/www.professur-wirtschaftspaedagogik.rw.fau.de\/wp-json\/wp\/v2\/pages\/1931\/revisions\/1932"}],"wp:attachment":[{"href":"https:\/\/www.professur-wirtschaftspaedagogik.rw.fau.de\/wp-json\/wp\/v2\/media?parent=1931"}],"wp:term":[{"taxonomy":"page_category","embeddable":true,"href":"https:\/\/www.professur-wirtschaftspaedagogik.rw.fau.de\/wp-json\/wp\/v2\/page_category?post=1931"},{"taxonomy":"page_tag","embeddable":true,"href":"https:\/\/www.professur-wirtschaftspaedagogik.rw.fau.de\/wp-json\/wp\/v2\/page_tag?post=1931"},{"taxonomy":"workflow_usergroup","embeddable":true,"href":"https:\/\/www.professur-wirtschaftspaedagogik.rw.fau.de\/wp-json\/wp\/v2\/workflow_usergroup?post=1931"}],"curies":[{"name":"wp","href":"https:\/\/api.w.org\/{rel}","templated":true}]}}